{"id":565,"date":"2023-07-04T10:25:16","date_gmt":"2023-07-04T13:25:16","guid":{"rendered":"https:\/\/fortalezadreams.com\/?post_type=product&#038;p=565"},"modified":"2026-04-07T22:02:25","modified_gmt":"2026-04-08T01:02:25","slug":"3-praias-em-um-dia","status":"publish","type":"product","link":"https:\/\/fortalezadreams.com\/index.php\/product\/3-praias-em-um-dia\/","title":{"rendered":"3 PRAIAS EM UM DIA"},"content":{"rendered":"<h4 class=\"text-left font-weight-bold\" data-v-1a1de9d2=\"\">Importante saber<\/h4>\n<p class=\"text-left exibir\" data-v-1a1de9d2=\"\">Sa\u00edda a partir de 6:30h da manh\u00e3 Morro Branco, P., Fontes e Canoa quebrada Caminhada ecol\u00f3gica pelo labirinto de fal\u00e9sias coloridas ( Buggy opcional) Parada no Ant\u00f4nio do coco Canoa Quebrada. &#8211; Nosso transporte para esse passeio \u00e9 \u00f4nibus, micro-\u00f4nibus ou van.<\/p>\n<p data-v-1a1de9d2=\"\"><strong>Paradas<\/strong><\/p>\n<pre class=\"text-left exibir\" data-v-1a1de9d2=\"\">- Morro Branco\r\n- Labirinto das Fal\u00e9sias\r\n- Praia das Fontes ( Vale lembrar que para conhecer esse local, o passeio de buggy \u00e9 fundamental ) \r\nO passeio de buggy n\u00e3o estar incluso. \r\n- Canoa Quebrada. \r\n- Ponto de apoio Barraca Ant\u00f4nio do coco<\/pre>\n<div class=\"px-2 mb-6\" data-v-1a1de9d2=\"\">\n<h4 class=\"text-left font-weight-bold\" data-v-1a1de9d2=\"\">Sa\u00edda:<\/h4>\n<p class=\"text-left exibir\" data-v-1a1de9d2=\"\">Sa\u00eddas a partir de 07h00<\/p>\n<\/div>\n<p>&nbsp;<\/p>\n","protected":false},"excerpt":{"rendered":"<p>Sa\u00edmos a partir de 06h30, pegamos nos hot\u00e9is e pousadas em toda a orla mar\u00edtima de Fortaleza. Chegada em Morro Branco a partir de 09h30, Assim que chegamos vamos fazer a caminhada no Labirinto das Fal\u00e9sias, fazemos esse passeio com guia local. Logo ap\u00f3s o passeio em Morro Branco, seguimos para fazer o passeio de buggy ( Buggy n\u00e3o incluso ) O passeio de buggy \u00e9 aproximadamente 02h00 de passeio. Conhecemos de buggy a Praia das Fontes. Por \u00faltimo finalizamos em Canoa Quebrada, chegamos em Canoa a partir de 13h00 e temos como parada de apoio a barraca Antonio do Coco. Nossa sa\u00edda de Canoa Quebrada \u00e9 \u00e0s 16h00 e chegamos em Fortaleza a partir 19h30.<\/p>\n<style>\n        .botao {\n            display: inline-block;\n            padding: 10px 20px;\n            background-color: #007bff; \/* Cor de fundo do bot\u00e3o *\/\n            color: #fff; \/* Cor do texto do bot\u00e3o *\/\n            text-decoration: none; \/* Remover sublinhado padr\u00e3o de links *\/\n            border: none; \/* Remover borda padr\u00e3o *\/\n            border-radius: 5px; \/* Cantos arredondados *\/\n        }\n    <\/style>\n<p><a href=\"mailto:fortalezadreamtour@gmail.com\" class=\"botao\">Reserve<\/a><br \/>\n<\/body><\/p>\n","protected":false},"featured_media":566,"comment_status":"open","ping_status":"closed","template":"","meta":{"site-sidebar-layout":"default","site-content-layout":"default","ast-site-content-layout":"default","site-content-style":"default","site-sidebar-style":"default","ast-global-header-display":"","ast-banner-title-visibility":"","ast-main-header-display":"","ast-hfb-above-header-display":"","ast-hfb-below-header-display":"","ast-hfb-mobile-header-display":"","site-post-title":"","ast-breadcrumbs-content":"","ast-featured-img":"","footer-sml-layout":"","ast-disable-related-posts":"","theme-transparent-header-meta":"default","adv-header-id-meta":"","stick-header-meta":"","header-above-stick-meta":"","header-main-stick-meta":"","header-below-stick-meta":"","astra-migrate-meta-layouts":"set","ast-page-background-enabled":"default","ast-page-background-meta":{"desktop":{"background-color":"","background-image":"","background-repeat":"repeat","background-position":"center center","background-size":"auto","background-attachment":"scroll","background-type":"","background-media":"","overlay-type":"","overlay-color":"","overlay-opacity":"","overlay-gradient":""},"tablet":{"background-color":"","background-image":"","background-repeat":"repeat","background-position":"center center","background-size":"auto","background-attachment":"scroll","background-type":"","background-media":"","overlay-type":"","overlay-color":"","overlay-opacity":"","overlay-gradient":""},"mobile":{"background-color":"","background-image":"","background-repeat":"repeat","background-position":"center center","background-size":"auto","background-attachment":"scroll","background-type":"","background-media":"","overlay-type":"","overlay-color":"","overlay-opacity":"","overlay-gradient":""}},"ast-content-background-meta":{"desktop":{"background-color":"var(--ast-global-color-5)","background-image":"","background-repeat":"repeat","background-position":"center center","background-size":"auto","background-attachment":"scroll","background-type":"","background-media":"","overlay-type":"","overlay-color":"","overlay-opacity":"","overlay-gradient":""},"tablet":{"background-color":"var(--ast-global-color-5)","background-image":"","background-repeat":"repeat","background-position":"center center","background-size":"auto","background-attachment":"scroll","background-type":"","background-media":"","overlay-type":"","overlay-color":"","overlay-opacity":"","overlay-gradient":""},"mobile":{"background-color":"var(--ast-global-color-5)","background-image":"","background-repeat":"repeat","background-position":"center center","background-size":"auto","background-attachment":"scroll","background-type":"","background-media":"","overlay-type":"","overlay-color":"","overlay-opacity":"","overlay-gradient":""}}},"product_brand":[],"product_cat":[21],"product_tag":[],"class_list":{"0":"post-565","1":"product","2":"type-product","3":"status-publish","4":"has-post-thumbnail","6":"product_cat-fortaleza","7":"desktop-align-left","8":"tablet-align-left","9":"mobile-align-left","11":"first","12":"instock","13":"shipping-taxable","14":"product-type-simple"},"_links":{"self":[{"href":"https:\/\/fortalezadreams.com\/index.php\/wp-json\/wp\/v2\/product\/565","targetHints":{"allow":["GET"]}}],"collection":[{"href":"https:\/\/fortalezadreams.com\/index.php\/wp-json\/wp\/v2\/product"}],"about":[{"href":"https:\/\/fortalezadreams.com\/index.php\/wp-json\/wp\/v2\/types\/product"}],"replies":[{"embeddable":true,"href":"https:\/\/fortalezadreams.com\/index.php\/wp-json\/wp\/v2\/comments?post=565"}],"wp:featuredmedia":[{"embeddable":true,"href":"https:\/\/fortalezadreams.com\/index.php\/wp-json\/wp\/v2\/media\/566"}],"wp:attachment":[{"href":"https:\/\/fortalezadreams.com\/index.php\/wp-json\/wp\/v2\/media?parent=565"}],"wp:term":[{"taxonomy":"product_brand","embeddable":true,"href":"https:\/\/fortalezadreams.com\/index.php\/wp-json\/wp\/v2\/product_brand?post=565"},{"taxonomy":"product_cat","embeddable":true,"href":"https:\/\/fortalezadreams.com\/index.php\/wp-json\/wp\/v2\/product_cat?post=565"},{"taxonomy":"product_tag","embeddable":true,"href":"https:\/\/fortalezadreams.com\/index.php\/wp-json\/wp\/v2\/product_tag?post=565"}],"curies":[{"name":"wp","href":"https:\/\/api.w.org\/{rel}","templated":true}]}}