{"id":570,"date":"2023-07-04T10:32:43","date_gmt":"2023-07-04T13:32:43","guid":{"rendered":"https:\/\/fortalezadreams.com\/?post_type=product&#038;p=570"},"modified":"2026-04-07T22:02:43","modified_gmt":"2026-04-08T01:02:43","slug":"passeio-cumbuco","status":"publish","type":"product","link":"https:\/\/fortalezadreams.com\/index.php\/product\/passeio-cumbuco\/","title":{"rendered":"PASSEIO CUMBUCO"},"content":{"rendered":"<h4 class=\"text-left font-weight-bold\" data-v-1a1de9d2=\"\">Importante saber<\/h4>\n<p class=\"text-left exibir\" data-v-1a1de9d2=\"\">Sa\u00edda a partir de 08h00 &#8211; Buscamos na Praia do Futuro, Praia do Mucuripe, Beira Mar, Praia de Iracema e alguns pontos pr\u00f3ximos do Centro da cidade. Est\u00e1 incluso no passeio: &#8211; Transporte ida e volta em \u00f4nibus, micro\u00f4nibus ou vans &#8211; Guia tur\u00edstico<\/p>\n<p data-v-1a1de9d2=\"\"><strong>Paradas<\/strong><\/p>\n<pre class=\"text-left exibir\" data-v-1a1de9d2=\"\">- Cumbuco\r\n- Barraca de apoio Chico do Caranguejo<\/pre>\n<div class=\"px-2 mb-6\" data-v-1a1de9d2=\"\">\n<h4 class=\"text-left font-weight-bold\" data-v-1a1de9d2=\"\">Sa\u00edda:<\/h4>\n<p class=\"text-left exibir\" data-v-1a1de9d2=\"\">Sa\u00eddas a partir de 08h00<\/p>\n<\/div>\n<p>&nbsp;<\/p>\n","protected":false},"excerpt":{"rendered":"<p>O passeio de CUMBUCO acontece durante o dia inteiro, com sa\u00edda pela manh\u00e3 e retorno a partir das 16h para Fortaleza. Ao chegar na barraca voc\u00ea ir\u00e1 aproveitar o dia curtindo a estrutura com a sua fam\u00edlia. Uma \u00f3tima dica \u00e9 o passeio OPCIONAL de buggy, contratado com a associa\u00e7\u00e3o no local. Cada duna reserva uma aventura radical. Al\u00e9m disso, quadriciclos, jangada, cavalo, jet-sky, banana-boat e o ecoturismo, podem ser outras op\u00e7\u00f5es de aventura na regi\u00e3o. (necess\u00e1rio verificar os valores no local).<\/p>\n<style>\n        .botao {\n            display: inline-block;\n            padding: 10px 20px;\n            background-color: #007bff; \/* Cor de fundo do bot\u00e3o *\/\n            color: #fff; \/* Cor do texto do bot\u00e3o *\/\n            text-decoration: none; \/* Remover sublinhado padr\u00e3o de links *\/\n            border: none; \/* Remover borda padr\u00e3o *\/\n            border-radius: 5px; \/* Cantos arredondados *\/\n        }\n    <\/style>\n<p><a href=\"mailto:fortalezadreamtour@gmail.com\" class=\"botao\">Reserve<\/a><br \/>\n<\/body><\/p>\n","protected":false},"featured_media":571,"comment_status":"open","ping_status":"closed","template":"","meta":{"site-sidebar-layout":"default","site-content-layout":"default","ast-site-content-layout":"default","site-content-style":"default","site-sidebar-style":"default","ast-global-header-display":"","ast-banner-title-visibility":"","ast-main-header-display":"","ast-hfb-above-header-display":"","ast-hfb-below-header-display":"","ast-hfb-mobile-header-display":"","site-post-title":"","ast-breadcrumbs-content":"","ast-featured-img":"","footer-sml-layout":"","ast-disable-related-posts":"","theme-transparent-header-meta":"default","adv-header-id-meta":"","stick-header-meta":"","header-above-stick-meta":"","header-main-stick-meta":"","header-below-stick-meta":"","astra-migrate-meta-layouts":"set","ast-page-background-enabled":"default","ast-page-background-meta":{"desktop":{"background-color":"","background-image":"","background-repeat":"repeat","background-position":"center center","background-size":"auto","background-attachment":"scroll","background-type":"","background-media":"","overlay-type":"","overlay-color":"","overlay-opacity":"","overlay-gradient":""},"tablet":{"background-color":"","background-image":"","background-repeat":"repeat","background-position":"center center","background-size":"auto","background-attachment":"scroll","background-type":"","background-media":"","overlay-type":"","overlay-color":"","overlay-opacity":"","overlay-gradient":""},"mobile":{"background-color":"","background-image":"","background-repeat":"repeat","background-position":"center center","background-size":"auto","background-attachment":"scroll","background-type":"","background-media":"","overlay-type":"","overlay-color":"","overlay-opacity":"","overlay-gradient":""}},"ast-content-background-meta":{"desktop":{"background-color":"var(--ast-global-color-5)","background-image":"","background-repeat":"repeat","background-position":"center center","background-size":"auto","background-attachment":"scroll","background-type":"","background-media":"","overlay-type":"","overlay-color":"","overlay-opacity":"","overlay-gradient":""},"tablet":{"background-color":"var(--ast-global-color-5)","background-image":"","background-repeat":"repeat","background-position":"center center","background-size":"auto","background-attachment":"scroll","background-type":"","background-media":"","overlay-type":"","overlay-color":"","overlay-opacity":"","overlay-gradient":""},"mobile":{"background-color":"var(--ast-global-color-5)","background-image":"","background-repeat":"repeat","background-position":"center center","background-size":"auto","background-attachment":"scroll","background-type":"","background-media":"","overlay-type":"","overlay-color":"","overlay-opacity":"","overlay-gradient":""}}},"product_brand":[],"product_cat":[21],"product_tag":[],"class_list":{"0":"post-570","1":"product","2":"type-product","3":"status-publish","4":"has-post-thumbnail","6":"product_cat-fortaleza","7":"desktop-align-left","8":"tablet-align-left","9":"mobile-align-left","11":"first","12":"instock","13":"shipping-taxable","14":"product-type-simple"},"_links":{"self":[{"href":"https:\/\/fortalezadreams.com\/index.php\/wp-json\/wp\/v2\/product\/570","targetHints":{"allow":["GET"]}}],"collection":[{"href":"https:\/\/fortalezadreams.com\/index.php\/wp-json\/wp\/v2\/product"}],"about":[{"href":"https:\/\/fortalezadreams.com\/index.php\/wp-json\/wp\/v2\/types\/product"}],"replies":[{"embeddable":true,"href":"https:\/\/fortalezadreams.com\/index.php\/wp-json\/wp\/v2\/comments?post=570"}],"wp:featuredmedia":[{"embeddable":true,"href":"https:\/\/fortalezadreams.com\/index.php\/wp-json\/wp\/v2\/media\/571"}],"wp:attachment":[{"href":"https:\/\/fortalezadreams.com\/index.php\/wp-json\/wp\/v2\/media?parent=570"}],"wp:term":[{"taxonomy":"product_brand","embeddable":true,"href":"https:\/\/fortalezadreams.com\/index.php\/wp-json\/wp\/v2\/product_brand?post=570"},{"taxonomy":"product_cat","embeddable":true,"href":"https:\/\/fortalezadreams.com\/index.php\/wp-json\/wp\/v2\/product_cat?post=570"},{"taxonomy":"product_tag","embeddable":true,"href":"https:\/\/fortalezadreams.com\/index.php\/wp-json\/wp\/v2\/product_tag?post=570"}],"curies":[{"name":"wp","href":"https:\/\/api.w.org\/{rel}","templated":true}]}}