{"id":673,"date":"2026-02-25T15:39:24","date_gmt":"2026-02-25T18:39:24","guid":{"rendered":"https:\/\/fortalezadreams.com\/?post_type=product&#038;p=673"},"modified":"2026-02-25T15:42:55","modified_gmt":"2026-02-25T18:42:55","slug":"parque-guell","status":"publish","type":"product","link":"https:\/\/fortalezadreams.com\/index.php\/product\/parque-guell\/","title":{"rendered":"Parque G\u00fcell"},"content":{"rendered":"<h4 class=\"text-left font-weight-bold\" data-v-1a1de9d2=\"\">Importante saber<\/h4>\n<p class=\"text-left exibir\" data-v-1a1de9d2=\"\">Come\u00e7aremos nosso passeio por alguns viadutos muito incomuns, que serpenteiam pelas paisagens do jardim. Enquanto voc\u00ea caminha pela passarela elevada, seu guia contar\u00e1 a hist\u00f3ria do Parque G\u00fcell e de Antoni Gaud\u00ed, o g\u00eanio por tr\u00e1s deste para\u00edso on\u00edrico.<\/p>\n<p data-v-1a1de9d2=\"\"><strong>Paradas<\/strong><\/p>\n<ul>\n<li class=\"text-left exibir\">Passeie pelos jardins do Parque G\u00fcell de Gaud\u00ed<\/li>\n<li class=\"text-left exibir\">Maravilhe-se com os mosaicos multicoloridos, as colunatas e as colunas d\u00f3ricas<\/li>\n<li class=\"text-left exibir\">Aprecie as vistas panor\u00e2micas de Barcelona do terra\u00e7o principal<\/li>\n<li class=\"text-left exibir\">Veja a famosa est\u00e1tua da salamandra &#8220;El Drac&#8221;<\/li>\n<\/ul>\n<div class=\"px-2 mb-6\" data-v-1a1de9d2=\"\">\n<h4 class=\"text-left font-weight-bold\" data-v-1a1de9d2=\"\">Sa\u00edda:<\/h4>\n<p class=\"text-left exibir\" data-v-1a1de9d2=\"\">Sa\u00eddas a partir de 10h, 12h, 13h, 14h e 17h<\/p>\n<\/div>\n<p>&nbsp;<\/p>\n","protected":false},"excerpt":{"rendered":"<p>Come\u00e7aremos nosso passeio por alguns viadutos muito incomuns, que serpenteiam pelas paisagens do jardim. Enquanto voc\u00ea caminha pela trilha elevada, seu guia contar\u00e1 sobre a hist\u00f3ria do Parque G\u00fcell e de Antoni Gaud\u00ed, o g\u00eanio por tr\u00e1s deste para\u00edso on\u00edrico.<br \/>\nEm seguida, visitaremos o Museu Casa Gaud\u00ed, uma das casas mais imponentes do parque e que j\u00e1 foi lar do pr\u00f3prio Gaud\u00ed. Seu guia contar\u00e1 mais sobre a vida de Gaud\u00ed e seu impacto na arquitetura.<br \/>\nSua pr\u00f3xima parada \u00e9 o Caminho do Ros\u00e1rio, uma trilha panor\u00e2mica constru\u00edda sobre uma antiga estrada romana. O caminho \u00e9 ladeado por postes arredondados que lembram contas de ros\u00e1rio e cercado por folhagem exuberante.<br \/>\nO caminho termina no terra\u00e7o principal, um ponto central do parque que oferece vistas incompar\u00e1veis \u200b\u200bde Barcelona e do Mar Mediterr\u00e2neo. Preparem suas c\u00e2meras. Esta \u00e9 uma oportunidade fotogr\u00e1fica imperd\u00edvel! Ao descer, seu guia compartilhar\u00e1 hist\u00f3rias sobre a constru\u00e7\u00e3o do terra\u00e7o, incluindo detalhes intrincados do banco serpentino que serpenteia pelo espa\u00e7o.<br \/>\nDo terra\u00e7o, voc\u00ea seguir\u00e1 para a Sala Hipostilo, um espa\u00e7o imponente adornado com 86 colunas d\u00f3ricas. Aprenda sobre o prop\u00f3sito original deste espa\u00e7o e como ele ainda \u00e9 usado para coletar \u00e1gua da chuva.<br \/>\nEm seguida, voc\u00ea caminhar\u00e1 at\u00e9 a Escadaria do Drag\u00e3o, onde encontrar\u00e1 o famoso drag\u00e3o de mosaico e seu design em azulejos. Seu passeio termina na Casa del Guardia, duas casas g\u00eameas de conto de fadas nascidas da imagina\u00e7\u00e3o de Gaud\u00ed.<br \/>\nAp\u00f3s o passeio, voc\u00ea estar\u00e1 livre para explorar o parque por conta pr\u00f3pria. Relembre seus pontos tur\u00edsticos favoritos ou descubra ainda mais segredos no design do parque.<\/p>\n<style>\n        .botao {<br \/>            display: inline-block;<br \/>            padding: 10px 20px;<br \/>            background-color: #007bff; \/* Cor de fundo do bot\u00e3o *\/<br \/>            color: #fff; \/* Cor do texto do bot\u00e3o *\/<br \/>            text-decoration: none; \/* Remover sublinhado padr\u00e3o de links *\/<br \/>            border: none; \/* Remover borda padr\u00e3o *\/<br \/>            border-radius: 5px; \/* Cantos arredondados *\/<br \/>        }<br \/>    <\/style>\n<p><a class=\"botao\" href=\"mailto:fortalezadreamtour@gmail.com\">Reserve<\/a><\/p>\n","protected":false},"featured_media":674,"comment_status":"open","ping_status":"closed","template":"","meta":{"site-sidebar-layout":"default","site-content-layout":"default","ast-site-content-layout":"default","site-content-style":"default","site-sidebar-style":"default","ast-global-header-display":"","ast-banner-title-visibility":"","ast-main-header-display":"","ast-hfb-above-header-display":"","ast-hfb-below-header-display":"","ast-hfb-mobile-header-display":"","site-post-title":"","ast-breadcrumbs-content":"","ast-featured-img":"","footer-sml-layout":"","ast-disable-related-posts":"","theme-transparent-header-meta":"default","adv-header-id-meta":"","stick-header-meta":"","header-above-stick-meta":"","header-main-stick-meta":"","header-below-stick-meta":"","astra-migrate-meta-layouts":"set","ast-page-background-enabled":"default","ast-page-background-meta":{"desktop":{"background-color":"","background-image":"","background-repeat":"repeat","background-position":"center center","background-size":"auto","background-attachment":"scroll","background-type":"","background-media":"","overlay-type":"","overlay-color":"","overlay-opacity":"","overlay-gradient":""},"tablet":{"background-color":"","background-image":"","background-repeat":"repeat","background-position":"center center","background-size":"auto","background-attachment":"scroll","background-type":"","background-media":"","overlay-type":"","overlay-color":"","overlay-opacity":"","overlay-gradient":""},"mobile":{"background-color":"","background-image":"","background-repeat":"repeat","background-position":"center center","background-size":"auto","background-attachment":"scroll","background-type":"","background-media":"","overlay-type":"","overlay-color":"","overlay-opacity":"","overlay-gradient":""}},"ast-content-background-meta":{"desktop":{"background-color":"var(--ast-global-color-5)","background-image":"","background-repeat":"repeat","background-position":"center center","background-size":"auto","background-attachment":"scroll","background-type":"","background-media":"","overlay-type":"","overlay-color":"","overlay-opacity":"","overlay-gradient":""},"tablet":{"background-color":"var(--ast-global-color-5)","background-image":"","background-repeat":"repeat","background-position":"center center","background-size":"auto","background-attachment":"scroll","background-type":"","background-media":"","overlay-type":"","overlay-color":"","overlay-opacity":"","overlay-gradient":""},"mobile":{"background-color":"var(--ast-global-color-5)","background-image":"","background-repeat":"repeat","background-position":"center center","background-size":"auto","background-attachment":"scroll","background-type":"","background-media":"","overlay-type":"","overlay-color":"","overlay-opacity":"","overlay-gradient":""}}},"product_brand":[],"product_cat":[22],"product_tag":[],"class_list":{"0":"post-673","1":"product","2":"type-product","3":"status-publish","4":"has-post-thumbnail","6":"product_cat-barcelona","7":"desktop-align-left","8":"tablet-align-left","9":"mobile-align-left","11":"first","12":"instock","13":"shipping-taxable","14":"product-type-simple"},"_links":{"self":[{"href":"https:\/\/fortalezadreams.com\/index.php\/wp-json\/wp\/v2\/product\/673","targetHints":{"allow":["GET"]}}],"collection":[{"href":"https:\/\/fortalezadreams.com\/index.php\/wp-json\/wp\/v2\/product"}],"about":[{"href":"https:\/\/fortalezadreams.com\/index.php\/wp-json\/wp\/v2\/types\/product"}],"replies":[{"embeddable":true,"href":"https:\/\/fortalezadreams.com\/index.php\/wp-json\/wp\/v2\/comments?post=673"}],"wp:featuredmedia":[{"embeddable":true,"href":"https:\/\/fortalezadreams.com\/index.php\/wp-json\/wp\/v2\/media\/674"}],"wp:attachment":[{"href":"https:\/\/fortalezadreams.com\/index.php\/wp-json\/wp\/v2\/media?parent=673"}],"wp:term":[{"taxonomy":"product_brand","embeddable":true,"href":"https:\/\/fortalezadreams.com\/index.php\/wp-json\/wp\/v2\/product_brand?post=673"},{"taxonomy":"product_cat","embeddable":true,"href":"https:\/\/fortalezadreams.com\/index.php\/wp-json\/wp\/v2\/product_cat?post=673"},{"taxonomy":"product_tag","embeddable":true,"href":"https:\/\/fortalezadreams.com\/index.php\/wp-json\/wp\/v2\/product_tag?post=673"}],"curies":[{"name":"wp","href":"https:\/\/api.w.org\/{rel}","templated":true}]}}